{"id":194,"date":"2025-07-16T10:24:39","date_gmt":"2025-07-16T08:24:39","guid":{"rendered":"https:\/\/www.lucicaseafood.eu\/?page_id=194"},"modified":"2025-07-17T13:25:24","modified_gmt":"2025-07-17T11:25:24","slug":"menu","status":"publish","type":"page","link":"https:\/\/www.lucicaseafood.eu\/hr\/menu\/","title":{"rendered":"JELOVNIK"},"content":{"rendered":"<div class=\"wp-block-columns has-base-color has-text-color has-background has-link-color wp-elements-733df7e1f5c05e87f650eee5db0f9011 is-layout-flex wp-container-core-columns-is-layout-28f84493 wp-block-columns-is-layout-flex\" style=\"background-color:#0f397042\">\n<div class=\"wp-block-column is-vertically-aligned-center is-layout-flow wp-block-column-is-layout-flow\" style=\"flex-basis:10%\"><\/div>\n\n\n\n<div class=\"wp-block-column is-layout-flow wp-block-column-is-layout-flow\" style=\"flex-basis:80%\">\n<h2>PREDJELA<\/h2>\n\n<p><strong>Plata pr\u0161ut &amp; sir za dvoje 24 \u20ac<\/strong><br>\n<em>Dalmatinski pr\u0161ut, sirevi, vo\u0107e, ora\u0161\u010di\u0107i, marmelada od kapule, kruh<\/em><\/p>\n\n<p><strong>Plata Lu\u010dica za dvoje 34\u20ac<\/strong><br>\n<em>Slani i marinirani in\u0107uni, hobotnica na  salatu, riblja pa\u0161teta, sir, kuhana riba sa povr\u0107em, kruh<\/em><\/p>\n\n<p><strong>Hobotnica na salatu 25\u20ac<\/strong><br>\n<em>Kuhana hobotnica, luk, kapare, raj\u010dica<\/em><\/p>\n\n<p><strong>Bruskete 5 kom 16\u20ac<\/strong><br>\n<em>Namaz, marmelada od luka, pr\u0161ut i rikula<\/em><\/p>\n\n<p><strong>Kozice na dalmatinski  15 \u20ac<\/strong><br>\n<em>Kozice na dalmatinski<\/em><\/p>\n\n<p><strong>Carpaccio od tikvice   9 \u20ac<\/strong><br>\n<em>Tikvica, sir, za\u010dini, kruh<\/em><\/p>\n\n<p><strong>Doma\u0107i kruh  3\u20ac<\/strong><\/p>\n\n<h2>GLAVNA JELA<\/h2>\n\n<p><strong>Biftek s prilogom  34\u20ac<\/strong><br>\n<em>Raspitajte se za dnevno svjezi izbor priloga<\/em><\/p>\n\n<p><strong>Riba I. klase sa prilogom 38\u20ac<\/strong><br>\n<em>Dnevno svjezi izbor<\/em><\/p>\n\n<p><strong>Riblji brodet  26 \u20ac<\/strong><br>\n<em>Tradicionalni dalmatinski brodet, posluzen sa zape\u010denom palentom<\/em><\/p>\n\n<p><strong>Morska buzara  27 \u20ac<\/strong><br>\n<em>Plodovi mora u umaku od crnog vina, raj\u010dica i prilog tjestenina<\/em><\/p>\n\n<h2>JELA PO NARUD\u017dBI<\/h2>\n<p><strong>Jastog na buzaru (1kg) 150\u20ac<\/strong><br>\n<em>Potrebna rezervacija 6 sati prije<\/em><\/p>\n\n<p><strong>Riba prve klase  iz pe\u0107nice s prilogom  (1kg) 95\u20ac<br>Sa prilogom, Potrebna rezervacija 6 sati prije<\/strong><br>\n<em>Riba I. klase sa prilogom<\/em><\/p>\n\n<p><strong>Hobotnica iz pe\u0107nice<\/strong><br>\n<em>Potrebna rezervacija 6 sati prije<\/em><\/p>\n\n<h2>SALATE<\/h2>\n\n\n<p><strong>Beef Salata<\/strong><br>\nKrastavci, salata, raj\u010dice, biftek, jaja, vo\u0107e, umak<\/p>\n\n<p><strong>Caprese salata  12 \u20ac<\/strong><br>\nRaj\u010dice, mozarela, bosiljak, aceto umak<\/p>\n\n<p><strong>Cezar salata sa piletinom  16 \u20ac<\/strong><br>\nPiletina, salata, parmezan, umak,  prepe\u010deni kruh<\/p>\n\n<p><strong>Sezonska salata 6 \u20ac<\/strong><\/p>\n\n<p><strong>Riblja salata sa kuhanim povr\u0107em 15 \u20ac<\/strong><\/p>\n\n\n<p><strong>Kuhana riba, kuhano povr\u0107e, rikula<\/strong><\/p>\n\n\n\n<h2>ZA DJECU<\/h2>\n\n<p><strong>Pasta Napoletana  10 \u20ac<\/strong><\/p>\n\n\n<p><strong>Piletina i krumpiri\u0107i  13 \u20ac<\/strong><\/p>\n\n\n<h2>DESERTI<\/h2>\n<p><strong>Tiramisu 6 \u20ac<\/strong><\/p>\n\n<p><strong>Sladoled s maslinovim uljem 3\u20ac<\/strong><\/p>\n\n<p><strong>Desert dana  7 \u20ac<\/strong><\/p>\n\n<p><strong>Suhe smokve u \u010dokoladi      3 kom  5 \u20ac<\/strong><\/p>\n\n<a href=\"https:\/\/www.lucicaseafood.eu\/hr\/drinks\/\"><p> VIEW DRINKS MENU<\/p><\/a>\n<\/div>\n\n\n\n<div class=\"wp-block-column is-vertically-aligned-center is-layout-flow wp-block-column-is-layout-flow\" style=\"flex-basis:10%\"><\/div>\n<\/div>\n\n\n\n<p><\/p>","protected":false},"excerpt":{"rendered":"<p>STARTERS Plata prosciutto &amp; cheese for two 24\u20ac Dalmatian prosciutto, cheeses, fruit, nuts, onion jam, bread Plata Lu\u010dica for two 34\u20ac Salted and marinated anchovies, octopus salad, fish pate, cheese, boiled fish with vegetables, bread Octopus salad 25\u20ac Boiled octopus, onion, capers, tomato Bruschette (5 pieces) 16\u20ac Spread, onion marmalade, prosciutto and cheese Dalmatian-style shrimp [&hellip;]<\/p>\n","protected":false},"author":1,"featured_media":173,"parent":0,"menu_order":0,"comment_status":"closed","ping_status":"closed","template":"menus","meta":{"footnotes":""},"class_list":["post-194","page","type-page","status-publish","has-post-thumbnail","hentry"],"_links":{"self":[{"href":"https:\/\/www.lucicaseafood.eu\/hr\/wp-json\/wp\/v2\/pages\/194","targetHints":{"allow":["GET"]}}],"collection":[{"href":"https:\/\/www.lucicaseafood.eu\/hr\/wp-json\/wp\/v2\/pages"}],"about":[{"href":"https:\/\/www.lucicaseafood.eu\/hr\/wp-json\/wp\/v2\/types\/page"}],"author":[{"embeddable":true,"href":"https:\/\/www.lucicaseafood.eu\/hr\/wp-json\/wp\/v2\/users\/1"}],"replies":[{"embeddable":true,"href":"https:\/\/www.lucicaseafood.eu\/hr\/wp-json\/wp\/v2\/comments?post=194"}],"version-history":[{"count":25,"href":"https:\/\/www.lucicaseafood.eu\/hr\/wp-json\/wp\/v2\/pages\/194\/revisions"}],"predecessor-version":[{"id":255,"href":"https:\/\/www.lucicaseafood.eu\/hr\/wp-json\/wp\/v2\/pages\/194\/revisions\/255"}],"wp:featuredmedia":[{"embeddable":true,"href":"https:\/\/www.lucicaseafood.eu\/hr\/wp-json\/wp\/v2\/media\/173"}],"wp:attachment":[{"href":"https:\/\/www.lucicaseafood.eu\/hr\/wp-json\/wp\/v2\/media?parent=194"}],"curies":[{"name":"wp","href":"https:\/\/api.w.org\/{rel}","templated":true}]}}